{"id":5333,"date":"2023-01-10T06:37:36","date_gmt":"2023-01-10T05:37:36","guid":{"rendered":"https:\/\/www.jeff.se\/?page_id=5333"},"modified":"2025-10-29T09:50:59","modified_gmt":"2025-10-29T08:50:59","slug":"cc-klimalogging","status":"publish","type":"page","link":"https:\/\/www.jeff.se\/no\/cc-kirke\/cc-klimalogging\/","title":{"rendered":"CC Klimalogging"},"content":{"rendered":"","protected":false},"excerpt":{"rendered":"<p>CC Klimalogging er den bekvemme og mest fleksible m\u00e5ten \u00e5 kontinuerlig f\u00f8lge klimaet i en bygning og kommunisere dette til en ekstern server via mobilt bredb\u00e5nd (3G).<br \/>\nUnik fleksibilitet og smart systemoppbygging gj\u00f8r at dere kan skreddersy loggingen etter nettopp deres behov uten begrensninger i fabrikat og applikasjonsomr\u00e5de.<\/p>\n","protected":false},"author":1,"featured_media":0,"parent":5417,"menu_order":6,"comment_status":"closed","ping_status":"closed","template":"template-sub-page.php","meta":{"_acf_changed":false,"footnotes":""},"class_list":["post-5333","page","type-page","status-publish","hentry"],"acf":[],"_links":{"self":[{"href":"https:\/\/www.jeff.se\/no\/wp-json\/wp\/v2\/pages\/5333","targetHints":{"allow":["GET"]}}],"collection":[{"href":"https:\/\/www.jeff.se\/no\/wp-json\/wp\/v2\/pages"}],"about":[{"href":"https:\/\/www.jeff.se\/no\/wp-json\/wp\/v2\/types\/page"}],"author":[{"embeddable":true,"href":"https:\/\/www.jeff.se\/no\/wp-json\/wp\/v2\/users\/1"}],"replies":[{"embeddable":true,"href":"https:\/\/www.jeff.se\/no\/wp-json\/wp\/v2\/comments?post=5333"}],"version-history":[{"count":4,"href":"https:\/\/www.jeff.se\/no\/wp-json\/wp\/v2\/pages\/5333\/revisions"}],"predecessor-version":[{"id":5745,"href":"https:\/\/www.jeff.se\/no\/wp-json\/wp\/v2\/pages\/5333\/revisions\/5745"}],"up":[{"embeddable":true,"href":"https:\/\/www.jeff.se\/no\/wp-json\/wp\/v2\/pages\/5417"}],"wp:attachment":[{"href":"https:\/\/www.jeff.se\/no\/wp-json\/wp\/v2\/media?parent=5333"}],"curies":[{"name":"wp","href":"https:\/\/api.w.org\/{rel}","templated":true}]}}