{"id":5367,"date":"2023-02-27T12:01:28","date_gmt":"2023-02-27T11:01:28","guid":{"rendered":"https:\/\/www.jeff.se\/?page_id=5367"},"modified":"2025-10-09T14:29:55","modified_gmt":"2025-10-09T12:29:55","slug":"ccv-pro-nokkelegenskaper","status":"publish","type":"page","link":"https:\/\/www.jeff.se\/no\/ccv-pro\/ccv-pro-nokkelegenskaper\/","title":{"rendered":"CCV Pro \u2013 N\u00f8kkelegenskaper"},"content":{"rendered":"","protected":false},"excerpt":{"rendered":"<p>Med 40 \u00e5rs erfaring med styringselektronikk for varmepumper har vi l\u00e6rt hvordan varmepumper skal styres og hva som er viktig for v\u00e5re kunder. All denne kunnskapen er pakket inn i<br \/>\nCCV Pro\u00ae og har skapt markedets mest fleksible og komplette styringssystem for OEM-produsenter. <\/p>\n<p>M\u00e5let med CCV Pro\u00ae har v\u00e6rt \u00e5 skape en st\u00f8tte for nettopp deres varmepumpesatsing, uavhengig av om dere produserer luft\/vann-varmepumper eller bergvarmemaskiner. Med CCV Pro\u00ae f\u00e5r varmepumpen din alle funksjonene som i dag forventes av en moderne varmepumpe, samtidig som kundene f\u00e5r et brukervennlig, minimalistisk og velbalansert grensesnitt til teknologien via den 7-tommer store fargedisplayet med ber\u00f8ringsfunksjon. <\/p>\n","protected":false},"author":1,"featured_media":0,"parent":5358,"menu_order":0,"comment_status":"closed","ping_status":"closed","template":"template-sub-page.php","meta":{"_acf_changed":false,"footnotes":""},"class_list":["post-5367","page","type-page","status-publish","hentry"],"acf":[],"_links":{"self":[{"href":"https:\/\/www.jeff.se\/no\/wp-json\/wp\/v2\/pages\/5367","targetHints":{"allow":["GET"]}}],"collection":[{"href":"https:\/\/www.jeff.se\/no\/wp-json\/wp\/v2\/pages"}],"about":[{"href":"https:\/\/www.jeff.se\/no\/wp-json\/wp\/v2\/types\/page"}],"author":[{"embeddable":true,"href":"https:\/\/www.jeff.se\/no\/wp-json\/wp\/v2\/users\/1"}],"replies":[{"embeddable":true,"href":"https:\/\/www.jeff.se\/no\/wp-json\/wp\/v2\/comments?post=5367"}],"version-history":[{"count":1,"href":"https:\/\/www.jeff.se\/no\/wp-json\/wp\/v2\/pages\/5367\/revisions"}],"predecessor-version":[{"id":5372,"href":"https:\/\/www.jeff.se\/no\/wp-json\/wp\/v2\/pages\/5367\/revisions\/5372"}],"up":[{"embeddable":true,"href":"https:\/\/www.jeff.se\/no\/wp-json\/wp\/v2\/pages\/5358"}],"wp:attachment":[{"href":"https:\/\/www.jeff.se\/no\/wp-json\/wp\/v2\/media?parent=5367"}],"curies":[{"name":"wp","href":"https:\/\/api.w.org\/{rel}","templated":true}]}}