{"id":5393,"date":"2023-02-01T12:32:13","date_gmt":"2023-02-01T11:32:13","guid":{"rendered":"https:\/\/www.jeff.se\/?page_id=5393"},"modified":"2025-10-29T13:13:24","modified_gmt":"2025-10-29T12:13:24","slug":"cc-eiendom","status":"publish","type":"page","link":"https:\/\/www.jeff.se\/no\/cc-eiendom\/","title":{"rendered":"CC Eiendom"},"content":{"rendered":"","protected":false},"excerpt":{"rendered":"<p>CC Eiendom er spesielt utviklet for \u00e5 m\u00f8te kravene om kostnadseffektive og driftssikre l\u00f8sninger fra b\u00e5de varmepumpeprodusenter og installat\u00f8rer, samt fra eiendoms\u00adeiere og brukere av kommersielle eiendommer og flerbolighus.  <\/p>\n<p>CC Eiendom tilbys i ulike pakkel\u00f8sninger, der alle har til felles at fleksibilitet og enkelhet for installat\u00f8ren st\u00e5r i fokus.<\/p>\n","protected":false},"author":1,"featured_media":0,"parent":0,"menu_order":7,"comment_status":"closed","ping_status":"closed","template":"template-sub-page.php","meta":{"_acf_changed":false,"footnotes":""},"class_list":["post-5393","page","type-page","status-publish","hentry"],"acf":[],"_links":{"self":[{"href":"https:\/\/www.jeff.se\/no\/wp-json\/wp\/v2\/pages\/5393","targetHints":{"allow":["GET"]}}],"collection":[{"href":"https:\/\/www.jeff.se\/no\/wp-json\/wp\/v2\/pages"}],"about":[{"href":"https:\/\/www.jeff.se\/no\/wp-json\/wp\/v2\/types\/page"}],"author":[{"embeddable":true,"href":"https:\/\/www.jeff.se\/no\/wp-json\/wp\/v2\/users\/1"}],"replies":[{"embeddable":true,"href":"https:\/\/www.jeff.se\/no\/wp-json\/wp\/v2\/comments?post=5393"}],"version-history":[{"count":4,"href":"https:\/\/www.jeff.se\/no\/wp-json\/wp\/v2\/pages\/5393\/revisions"}],"predecessor-version":[{"id":5734,"href":"https:\/\/www.jeff.se\/no\/wp-json\/wp\/v2\/pages\/5393\/revisions\/5734"}],"wp:attachment":[{"href":"https:\/\/www.jeff.se\/no\/wp-json\/wp\/v2\/media?parent=5393"}],"curies":[{"name":"wp","href":"https:\/\/api.w.org\/{rel}","templated":true}]}}